{"id":36,"date":"2024-02-13T10:30:51","date_gmt":"2024-02-13T09:30:51","guid":{"rendered":"https:\/\/auto-ecole-bouquet.fr\/?page_id=36"},"modified":"2024-02-15T15:59:09","modified_gmt":"2024-02-15T14:59:09","slug":"blog","status":"publish","type":"page","link":"https:\/\/auto-ecole-bouquet.fr\/index.php\/blog\/","title":{"rendered":"Blog"},"content":{"rendered":"\t\t<div data-elementor-type=\"wp-page\" data-elementor-id=\"36\" class=\"elementor elementor-36\" data-elementor-settings=\"{&quot;ha_cmc_init_switcher&quot;:&quot;no&quot;}\" data-elementor-post-type=\"page\">\n\t\t\t\t<div class=\"elementor-element elementor-element-613c4ca e-con-full e-flex e-con e-parent\" data-id=\"613c4ca\" data-element_type=\"container\" data-e-type=\"container\" data-settings=\"{&quot;background_background&quot;:&quot;classic&quot;,&quot;_ha_eqh_enable&quot;:false}\">\n\t\t\t\t<\/div>\n\t\t\t\t<section class=\"elementor-section elementor-top-section elementor-element elementor-element-4555265 elementor-section-full_width elementor-section-height-min-height elementor-reverse-tablet elementor-reverse-mobile elementor-section-height-default elementor-section-items-middle\" data-id=\"4555265\" data-element_type=\"section\" data-e-type=\"section\" data-settings=\"{&quot;background_background&quot;:&quot;classic&quot;,&quot;_ha_eqh_enable&quot;:false}\">\n\t\t\t\t\t\t<div class=\"elementor-container elementor-column-gap-default\">\n\t\t\t\t\t<div class=\"elementor-column elementor-col-50 elementor-top-column elementor-element elementor-element-aee945d\" data-id=\"aee945d\" data-element_type=\"column\" data-e-type=\"column\">\n\t\t\t<div class=\"elementor-widget-wrap elementor-element-populated\">\n\t\t\t\t\t\t<div class=\"elementor-element elementor-element-670790a elementor-widget elementor-widget-heading\" data-id=\"670790a\" data-element_type=\"widget\" data-e-type=\"widget\" data-widget_type=\"heading.default\">\n\t\t\t\t<div class=\"elementor-widget-container\">\n\t\t\t\t\t<h2 class=\"elementor-heading-title elementor-size-default\"> Actualit\u00e9s, \u00e9v\u00e8nements, conseils, Auto-\u00e9cole Bouquet \u00e0 Lons-le-Saunier <\/h2>\t\t\t\t<\/div>\n\t\t\t\t<\/div>\n\t\t\t\t<div class=\"elementor-element elementor-element-6e99370 elementor-invisible elementor-widget elementor-widget-text-editor\" data-id=\"6e99370\" data-element_type=\"widget\" data-e-type=\"widget\" data-settings=\"{&quot;_animation&quot;:&quot;fadeInUp&quot;}\" data-widget_type=\"text-editor.default\">\n\t\t\t\t<div class=\"elementor-widget-container\">\n\t\t\t\t\t\t\t\t\t<p><span class=\"TextRun SCXW90603203 BCX0\" lang=\"FR-FR\" xml:lang=\"FR-FR\" data-contrast=\"none\"><span class=\"NormalTextRun SCXW90603203 BCX0\">D\u00e9couvrez les nouveaut\u00e9s<\/span><span class=\"NormalTextRun SCXW90603203 BCX0\"> et<\/span><span class=\"NormalTextRun SCXW90603203 BCX0\"> ne manquez pas les conseils d\u2019expert<\/span><span class=\"NormalTextRun SCXW90603203 BCX0\">s\u202f: vous trouverez ici tout ce qu\u2019il faut savoir pour bien pr\u00e9parer vos examens et en apprendre plus sur nos \u00e9quipes\u202f!<\/span><\/span><span class=\"EOP SCXW90603203 BCX0\" data-ccp-props=\"{}\">\u00a0<\/span><\/p>\t\t\t\t\t\t\t\t<\/div>\n\t\t\t\t<\/div>\n\t\t\t\t<div class=\"elementor-element elementor-element-3c805bf elementor-widget elementor-widget-button\" data-id=\"3c805bf\" data-element_type=\"widget\" data-e-type=\"widget\" data-widget_type=\"button.default\">\n\t\t\t\t<div class=\"elementor-widget-container\">\n\t\t\t\t\t\t\t\t\t<div class=\"elementor-button-wrapper\">\n\t\t\t\t\t<a class=\"elementor-button elementor-button-link elementor-size-lg elementor-animation-grow\" href=\"https:\/\/auto-ecole-bouquet.fr\/index.php\/contact\/\">\n\t\t\t\t\t\t<span class=\"elementor-button-content-wrapper\">\n\t\t\t\t\t\t<span class=\"elementor-button-icon\">\n\t\t\t\t<svg aria-hidden=\"true\" class=\"e-font-icon-svg e-fas-arrow-right\" viewBox=\"0 0 448 512\" xmlns=\"http:\/\/www.w3.org\/2000\/svg\"><path d=\"M190.5 66.9l22.2-22.2c9.4-9.4 24.6-9.4 33.9 0L441 239c9.4 9.4 9.4 24.6 0 33.9L246.6 467.3c-9.4 9.4-24.6 9.4-33.9 0l-22.2-22.2c-9.5-9.5-9.3-25 .4-34.3L311.4 296H24c-13.3 0-24-10.7-24-24v-32c0-13.3 10.7-24 24-24h287.4L190.9 101.2c-9.8-9.3-10-24.8-.4-34.3z\"><\/path><\/svg>\t\t\t<\/span>\n\t\t\t\t\t\t\t\t\t<span class=\"elementor-button-text\">Nous contacter<\/span>\n\t\t\t\t\t<\/span>\n\t\t\t\t\t<\/a>\n\t\t\t\t<\/div>\n\t\t\t\t\t\t\t\t<\/div>\n\t\t\t\t<\/div>\n\t\t\t\t\t<\/div>\n\t\t<\/div>\n\t\t\t\t<div class=\"elementor-column elementor-col-50 elementor-top-column elementor-element elementor-element-283edaf\" data-id=\"283edaf\" data-element_type=\"column\" data-e-type=\"column\">\n\t\t\t<div class=\"elementor-widget-wrap\">\n\t\t\t\t\t\t\t<\/div>\n\t\t<\/div>\n\t\t\t\t\t<\/div>\n\t\t<\/section>\n\t\t<div class=\"elementor-element elementor-element-1db5120 e-flex e-con-boxed e-con e-parent\" data-id=\"1db5120\" data-element_type=\"container\" data-e-type=\"container\" data-settings=\"{&quot;_ha_eqh_enable&quot;:false}\">\n\t\t\t\t\t<div class=\"e-con-inner\">\n\t\t\t\t<div class=\"elementor-element elementor-element-1eb7165 elementor-grid-3 elementor-grid-tablet-2 elementor-grid-mobile-1 elementor-posts--thumbnail-top elementor-card-shadow-yes elementor-posts__hover-gradient elementor-widget elementor-widget-posts\" data-id=\"1eb7165\" data-element_type=\"widget\" data-e-type=\"widget\" data-settings=\"{&quot;cards_columns&quot;:&quot;3&quot;,&quot;cards_columns_tablet&quot;:&quot;2&quot;,&quot;cards_columns_mobile&quot;:&quot;1&quot;,&quot;cards_row_gap&quot;:{&quot;unit&quot;:&quot;px&quot;,&quot;size&quot;:35,&quot;sizes&quot;:[]},&quot;cards_row_gap_laptop&quot;:{&quot;unit&quot;:&quot;px&quot;,&quot;size&quot;:&quot;&quot;,&quot;sizes&quot;:[]},&quot;cards_row_gap_tablet&quot;:{&quot;unit&quot;:&quot;px&quot;,&quot;size&quot;:&quot;&quot;,&quot;sizes&quot;:[]},&quot;cards_row_gap_mobile&quot;:{&quot;unit&quot;:&quot;px&quot;,&quot;size&quot;:&quot;&quot;,&quot;sizes&quot;:[]}}\" data-widget_type=\"posts.cards\">\n\t\t\t\t<div class=\"elementor-widget-container\">\n\t\t\t\t\t\t\t<div class=\"elementor-posts-container elementor-posts elementor-posts--skin-cards elementor-grid\" role=\"list\">\n\t\t\t\t<article class=\"elementor-post elementor-grid-item post-438 post type-post status-publish format-standard has-post-thumbnail hentry category-blog\" role=\"listitem\">\n\t\t\t<div class=\"elementor-post__card\">\n\t\t\t\t<a class=\"elementor-post__thumbnail__link\" href=\"https:\/\/auto-ecole-bouquet.fr\/index.php\/2024\/02\/15\/le-permis-de-conduire-pour-les-handicapes-conduisons-tous-ensemble\/\" tabindex=\"-1\" ><div class=\"elementor-post__thumbnail\"><img fetchpriority=\"high\" decoding=\"async\" width=\"768\" height=\"511\" src=\"https:\/\/auto-ecole-bouquet.fr\/wp-content\/uploads\/2024\/02\/handicapped-symbol-disabled-parking-sign-2023-11-27-05-11-00-utc-768x511.jpg\" class=\"attachment-medium_large size-medium_large wp-image-350\" alt=\"\" srcset=\"https:\/\/auto-ecole-bouquet.fr\/wp-content\/uploads\/2024\/02\/handicapped-symbol-disabled-parking-sign-2023-11-27-05-11-00-utc-768x511.jpg 768w, https:\/\/auto-ecole-bouquet.fr\/wp-content\/uploads\/2024\/02\/handicapped-symbol-disabled-parking-sign-2023-11-27-05-11-00-utc-300x199.jpg 300w, https:\/\/auto-ecole-bouquet.fr\/wp-content\/uploads\/2024\/02\/handicapped-symbol-disabled-parking-sign-2023-11-27-05-11-00-utc-1024x681.jpg 1024w, https:\/\/auto-ecole-bouquet.fr\/wp-content\/uploads\/2024\/02\/handicapped-symbol-disabled-parking-sign-2023-11-27-05-11-00-utc.jpg 1307w\" sizes=\"(max-width: 768px) 100vw, 768px\" \/><\/div><\/a>\n\t\t\t\t<div class=\"elementor-post__text\">\n\t\t\t\t<h3 class=\"elementor-post__title\">\n\t\t\t<a href=\"https:\/\/auto-ecole-bouquet.fr\/index.php\/2024\/02\/15\/le-permis-de-conduire-pour-les-handicapes-conduisons-tous-ensemble\/\" >\n\t\t\t\tLe permis de conduire pour les handicap\u00e9s\u202f: conduisons tous ensemble\u202f!\t\t\t<\/a>\n\t\t<\/h3>\n\t\t\t\t<div class=\"elementor-post__excerpt\">\n\t\t\t<p>Retour au blog Pour des handicaps de naissance ou survenus lors de votre vie, notre auto-\u00e9cole dispose \u00e0 la fois<\/p>\n\t\t<\/div>\n\t\t\n\t\t<a class=\"elementor-post__read-more\" href=\"https:\/\/auto-ecole-bouquet.fr\/index.php\/2024\/02\/15\/le-permis-de-conduire-pour-les-handicapes-conduisons-tous-ensemble\/\" aria-label=\"Read more about Le permis de conduire pour les handicap\u00e9s\u202f: conduisons tous ensemble\u202f!\" tabindex=\"-1\" >\n\t\t\tLire la suite \u00bb\t\t<\/a>\n\n\t\t\t\t<\/div>\n\t\t\t\t<div class=\"elementor-post__meta-data\">\n\t\t\t\t\t<span class=\"elementor-post-date\">\n\t\t\t15 February 2024\t\t<\/span>\n\t\t\t\t<\/div>\n\t\t\t\t\t<\/div>\n\t\t<\/article>\n\t\t\t\t<article class=\"elementor-post elementor-grid-item post-430 post type-post status-publish format-standard has-post-thumbnail hentry category-blog\" role=\"listitem\">\n\t\t\t<div class=\"elementor-post__card\">\n\t\t\t\t<a class=\"elementor-post__thumbnail__link\" href=\"https:\/\/auto-ecole-bouquet.fr\/index.php\/2024\/02\/15\/comment-financer-son-permis\/\" tabindex=\"-1\" ><div class=\"elementor-post__thumbnail\"><img decoding=\"async\" width=\"768\" height=\"512\" src=\"https:\/\/auto-ecole-bouquet.fr\/wp-content\/uploads\/2024\/02\/driving-instructor-writing-down-results-of-exam-d-2023-11-27-05-07-50-utc-768x512.jpg\" class=\"attachment-medium_large size-medium_large wp-image-349\" alt=\"\" srcset=\"https:\/\/auto-ecole-bouquet.fr\/wp-content\/uploads\/2024\/02\/driving-instructor-writing-down-results-of-exam-d-2023-11-27-05-07-50-utc-768x512.jpg 768w, https:\/\/auto-ecole-bouquet.fr\/wp-content\/uploads\/2024\/02\/driving-instructor-writing-down-results-of-exam-d-2023-11-27-05-07-50-utc-300x200.jpg 300w, https:\/\/auto-ecole-bouquet.fr\/wp-content\/uploads\/2024\/02\/driving-instructor-writing-down-results-of-exam-d-2023-11-27-05-07-50-utc-1024x683.jpg 1024w, https:\/\/auto-ecole-bouquet.fr\/wp-content\/uploads\/2024\/02\/driving-instructor-writing-down-results-of-exam-d-2023-11-27-05-07-50-utc-1536x1024.jpg 1536w, https:\/\/auto-ecole-bouquet.fr\/wp-content\/uploads\/2024\/02\/driving-instructor-writing-down-results-of-exam-d-2023-11-27-05-07-50-utc.jpg 1617w\" sizes=\"(max-width: 768px) 100vw, 768px\" \/><\/div><\/a>\n\t\t\t\t<div class=\"elementor-post__text\">\n\t\t\t\t<h3 class=\"elementor-post__title\">\n\t\t\t<a href=\"https:\/\/auto-ecole-bouquet.fr\/index.php\/2024\/02\/15\/comment-financer-son-permis\/\" >\n\t\t\t\tComment financer son permis\u202f?\u00a0\t\t\t<\/a>\n\t\t<\/h3>\n\t\t\t\t<div class=\"elementor-post__excerpt\">\n\t\t\t<p>Retour au blog La question du budget et du financement est une question importante, qui se pose d\u00e8s le d\u00e9but<\/p>\n\t\t<\/div>\n\t\t\n\t\t<a class=\"elementor-post__read-more\" href=\"https:\/\/auto-ecole-bouquet.fr\/index.php\/2024\/02\/15\/comment-financer-son-permis\/\" aria-label=\"Read more about Comment financer son permis\u202f?\u00a0\" tabindex=\"-1\" >\n\t\t\tLire la suite \u00bb\t\t<\/a>\n\n\t\t\t\t<\/div>\n\t\t\t\t<div class=\"elementor-post__meta-data\">\n\t\t\t\t\t<span class=\"elementor-post-date\">\n\t\t\t15 February 2024\t\t<\/span>\n\t\t\t\t<\/div>\n\t\t\t\t\t<\/div>\n\t\t<\/article>\n\t\t\t\t<article class=\"elementor-post elementor-grid-item post-10 post type-post status-publish format-standard has-post-thumbnail hentry category-blog\" role=\"listitem\">\n\t\t\t<div class=\"elementor-post__card\">\n\t\t\t\t<a class=\"elementor-post__thumbnail__link\" href=\"https:\/\/auto-ecole-bouquet.fr\/index.php\/2024\/01\/17\/devenez-enseignant-diplome-en-securite-routiere\/\" tabindex=\"-1\" ><div class=\"elementor-post__thumbnail\"><img decoding=\"async\" width=\"768\" height=\"511\" src=\"https:\/\/auto-ecole-bouquet.fr\/wp-content\/uploads\/2024\/02\/instructor-helps-woman-to-drive-the-car-2023-11-27-05-12-39-utc-768x511.jpg\" class=\"attachment-medium_large size-medium_large wp-image-351\" alt=\"\" srcset=\"https:\/\/auto-ecole-bouquet.fr\/wp-content\/uploads\/2024\/02\/instructor-helps-woman-to-drive-the-car-2023-11-27-05-12-39-utc-768x511.jpg 768w, https:\/\/auto-ecole-bouquet.fr\/wp-content\/uploads\/2024\/02\/instructor-helps-woman-to-drive-the-car-2023-11-27-05-12-39-utc-300x200.jpg 300w, https:\/\/auto-ecole-bouquet.fr\/wp-content\/uploads\/2024\/02\/instructor-helps-woman-to-drive-the-car-2023-11-27-05-12-39-utc-1024x681.jpg 1024w, https:\/\/auto-ecole-bouquet.fr\/wp-content\/uploads\/2024\/02\/instructor-helps-woman-to-drive-the-car-2023-11-27-05-12-39-utc.jpg 1512w\" sizes=\"(max-width: 768px) 100vw, 768px\" \/><\/div><\/a>\n\t\t\t\t<div class=\"elementor-post__text\">\n\t\t\t\t<h3 class=\"elementor-post__title\">\n\t\t\t<a href=\"https:\/\/auto-ecole-bouquet.fr\/index.php\/2024\/01\/17\/devenez-enseignant-diplome-en-securite-routiere\/\" >\n\t\t\t\tDevenez enseignant dipl\u00f4m\u00e9 en s\u00e9curit\u00e9 routi\u00e8re\u202f!\t\t\t<\/a>\n\t\t<\/h3>\n\t\t\t\t<div class=\"elementor-post__excerpt\">\n\t\t\t<p>Retour au blog M\u00e9tier technique aux grandes responsabilit\u00e9s et tourn\u00e9 vers l\u2019humain\u202f: nous vous disons tout pour devenir enseignant en<\/p>\n\t\t<\/div>\n\t\t\n\t\t<a class=\"elementor-post__read-more\" href=\"https:\/\/auto-ecole-bouquet.fr\/index.php\/2024\/01\/17\/devenez-enseignant-diplome-en-securite-routiere\/\" aria-label=\"Read more about Devenez enseignant dipl\u00f4m\u00e9 en s\u00e9curit\u00e9 routi\u00e8re\u202f!\" tabindex=\"-1\" >\n\t\t\tLire la suite \u00bb\t\t<\/a>\n\n\t\t\t\t<\/div>\n\t\t\t\t<div class=\"elementor-post__meta-data\">\n\t\t\t\t\t<span class=\"elementor-post-date\">\n\t\t\t17 January 2024\t\t<\/span>\n\t\t\t\t<\/div>\n\t\t\t\t\t<\/div>\n\t\t<\/article>\n\t\t\t\t<\/div>\n\t\t\n\t\t\t\t\t\t<\/div>\n\t\t\t\t<\/div>\n\t\t\t\t\t<\/div>\n\t\t\t\t<\/div>\n\t\t\t\t<\/div>\n\t\t","protected":false},"excerpt":{"rendered":"<p>Actualit\u00e9s, \u00e9v\u00e8nements, conseils, Auto-\u00e9cole Bouquet \u00e0 Lons-le-Saunier D\u00e9couvrez les nouveaut\u00e9s et ne manquez pas les conseils d\u2019experts\u202f: vous trouverez ici tout ce qu\u2019il faut savoir pour bien pr\u00e9parer vos examens et en apprendre plus sur nos \u00e9quipes\u202f!\u00a0 Nous contacter<\/p>\n","protected":false},"author":1,"featured_media":0,"parent":0,"menu_order":0,"comment_status":"closed","ping_status":"closed","template":"","meta":{"inline_featured_image":false,"footnotes":""},"class_list":["post-36","page","type-page","status-publish","hentry"],"yoast_head":"<!-- This site is optimized with the Yoast SEO plugin v27.3 - https:\/\/yoast.com\/product\/yoast-seo-wordpress\/ -->\n<title>Blog - Auto \u00e9cole Bouquet<\/title>\n<meta name=\"robots\" content=\"index, follow, max-snippet:-1, max-image-preview:large, max-video-preview:-1\" \/>\n<link rel=\"canonical\" href=\"https:\/\/auto-ecole-bouquet.fr\/index.php\/blog\/\" \/>\n<meta property=\"og:locale\" content=\"en_US\" \/>\n<meta property=\"og:type\" content=\"article\" \/>\n<meta property=\"og:title\" content=\"Blog - Auto \u00e9cole Bouquet\" \/>\n<meta property=\"og:description\" content=\"Actualit\u00e9s, \u00e9v\u00e8nements, conseils, Auto-\u00e9cole Bouquet \u00e0 Lons-le-Saunier D\u00e9couvrez les nouveaut\u00e9s et ne manquez pas les conseils d\u2019experts\u202f: vous trouverez ici tout ce qu\u2019il faut savoir pour bien pr\u00e9parer vos examens et en apprendre plus sur nos \u00e9quipes\u202f!\u00a0 Nous contacter\" \/>\n<meta property=\"og:url\" content=\"https:\/\/auto-ecole-bouquet.fr\/index.php\/blog\/\" \/>\n<meta property=\"og:site_name\" content=\"Auto \u00e9cole Bouquet\" \/>\n<meta property=\"article:modified_time\" content=\"2024-02-15T14:59:09+00:00\" \/>\n<meta name=\"twitter:card\" content=\"summary_large_image\" \/>\n<meta name=\"twitter:label1\" content=\"Est. reading time\" \/>\n\t<meta name=\"twitter:data1\" content=\"3 minutes\" \/>\n<script type=\"application\/ld+json\" class=\"yoast-schema-graph\">{\"@context\":\"https:\\\/\\\/schema.org\",\"@graph\":[{\"@type\":\"WebPage\",\"@id\":\"https:\\\/\\\/auto-ecole-bouquet.fr\\\/index.php\\\/blog\\\/\",\"url\":\"https:\\\/\\\/auto-ecole-bouquet.fr\\\/index.php\\\/blog\\\/\",\"name\":\"Blog - Auto \u00e9cole Bouquet\",\"isPartOf\":{\"@id\":\"https:\\\/\\\/auto-ecole-bouquet.fr\\\/#website\"},\"datePublished\":\"2024-02-13T09:30:51+00:00\",\"dateModified\":\"2024-02-15T14:59:09+00:00\",\"breadcrumb\":{\"@id\":\"https:\\\/\\\/auto-ecole-bouquet.fr\\\/index.php\\\/blog\\\/#breadcrumb\"},\"inLanguage\":\"en-US\",\"potentialAction\":[{\"@type\":\"ReadAction\",\"target\":[\"https:\\\/\\\/auto-ecole-bouquet.fr\\\/index.php\\\/blog\\\/\"]}]},{\"@type\":\"BreadcrumbList\",\"@id\":\"https:\\\/\\\/auto-ecole-bouquet.fr\\\/index.php\\\/blog\\\/#breadcrumb\",\"itemListElement\":[{\"@type\":\"ListItem\",\"position\":1,\"name\":\"Accueil\",\"item\":\"https:\\\/\\\/auto-ecole-bouquet.fr\\\/\"},{\"@type\":\"ListItem\",\"position\":2,\"name\":\"Blog\"}]},{\"@type\":\"WebSite\",\"@id\":\"https:\\\/\\\/auto-ecole-bouquet.fr\\\/#website\",\"url\":\"https:\\\/\\\/auto-ecole-bouquet.fr\\\/\",\"name\":\"Auto \u00e9cole Bouquet\",\"description\":\"\",\"publisher\":{\"@id\":\"https:\\\/\\\/auto-ecole-bouquet.fr\\\/#organization\"},\"potentialAction\":[{\"@type\":\"SearchAction\",\"target\":{\"@type\":\"EntryPoint\",\"urlTemplate\":\"https:\\\/\\\/auto-ecole-bouquet.fr\\\/?s={search_term_string}\"},\"query-input\":{\"@type\":\"PropertyValueSpecification\",\"valueRequired\":true,\"valueName\":\"search_term_string\"}}],\"inLanguage\":\"en-US\"},{\"@type\":\"Organization\",\"@id\":\"https:\\\/\\\/auto-ecole-bouquet.fr\\\/#organization\",\"name\":\"Auto \u00e9cole Bouquet\",\"url\":\"https:\\\/\\\/auto-ecole-bouquet.fr\\\/\",\"logo\":{\"@type\":\"ImageObject\",\"inLanguage\":\"en-US\",\"@id\":\"https:\\\/\\\/auto-ecole-bouquet.fr\\\/#\\\/schema\\\/logo\\\/image\\\/\",\"url\":\"https:\\\/\\\/auto-ecole-bouquet.fr\\\/wp-content\\\/uploads\\\/2024\\\/02\\\/cropped-cropped-logoBouquet2-modified.png\",\"contentUrl\":\"https:\\\/\\\/auto-ecole-bouquet.fr\\\/wp-content\\\/uploads\\\/2024\\\/02\\\/cropped-cropped-logoBouquet2-modified.png\",\"width\":640,\"height\":244,\"caption\":\"Auto \u00e9cole Bouquet\"},\"image\":{\"@id\":\"https:\\\/\\\/auto-ecole-bouquet.fr\\\/#\\\/schema\\\/logo\\\/image\\\/\"}}]}<\/script>\n<!-- \/ Yoast SEO plugin. -->","yoast_head_json":{"title":"Blog - Auto \u00e9cole Bouquet","robots":{"index":"index","follow":"follow","max-snippet":"max-snippet:-1","max-image-preview":"max-image-preview:large","max-video-preview":"max-video-preview:-1"},"canonical":"https:\/\/auto-ecole-bouquet.fr\/index.php\/blog\/","og_locale":"en_US","og_type":"article","og_title":"Blog - Auto \u00e9cole Bouquet","og_description":"Actualit\u00e9s, \u00e9v\u00e8nements, conseils, Auto-\u00e9cole Bouquet \u00e0 Lons-le-Saunier D\u00e9couvrez les nouveaut\u00e9s et ne manquez pas les conseils d\u2019experts\u202f: vous trouverez ici tout ce qu\u2019il faut savoir pour bien pr\u00e9parer vos examens et en apprendre plus sur nos \u00e9quipes\u202f!\u00a0 Nous contacter","og_url":"https:\/\/auto-ecole-bouquet.fr\/index.php\/blog\/","og_site_name":"Auto \u00e9cole Bouquet","article_modified_time":"2024-02-15T14:59:09+00:00","twitter_card":"summary_large_image","twitter_misc":{"Est. reading time":"3 minutes"},"schema":{"@context":"https:\/\/schema.org","@graph":[{"@type":"WebPage","@id":"https:\/\/auto-ecole-bouquet.fr\/index.php\/blog\/","url":"https:\/\/auto-ecole-bouquet.fr\/index.php\/blog\/","name":"Blog - Auto \u00e9cole Bouquet","isPartOf":{"@id":"https:\/\/auto-ecole-bouquet.fr\/#website"},"datePublished":"2024-02-13T09:30:51+00:00","dateModified":"2024-02-15T14:59:09+00:00","breadcrumb":{"@id":"https:\/\/auto-ecole-bouquet.fr\/index.php\/blog\/#breadcrumb"},"inLanguage":"en-US","potentialAction":[{"@type":"ReadAction","target":["https:\/\/auto-ecole-bouquet.fr\/index.php\/blog\/"]}]},{"@type":"BreadcrumbList","@id":"https:\/\/auto-ecole-bouquet.fr\/index.php\/blog\/#breadcrumb","itemListElement":[{"@type":"ListItem","position":1,"name":"Accueil","item":"https:\/\/auto-ecole-bouquet.fr\/"},{"@type":"ListItem","position":2,"name":"Blog"}]},{"@type":"WebSite","@id":"https:\/\/auto-ecole-bouquet.fr\/#website","url":"https:\/\/auto-ecole-bouquet.fr\/","name":"Auto \u00e9cole Bouquet","description":"","publisher":{"@id":"https:\/\/auto-ecole-bouquet.fr\/#organization"},"potentialAction":[{"@type":"SearchAction","target":{"@type":"EntryPoint","urlTemplate":"https:\/\/auto-ecole-bouquet.fr\/?s={search_term_string}"},"query-input":{"@type":"PropertyValueSpecification","valueRequired":true,"valueName":"search_term_string"}}],"inLanguage":"en-US"},{"@type":"Organization","@id":"https:\/\/auto-ecole-bouquet.fr\/#organization","name":"Auto \u00e9cole Bouquet","url":"https:\/\/auto-ecole-bouquet.fr\/","logo":{"@type":"ImageObject","inLanguage":"en-US","@id":"https:\/\/auto-ecole-bouquet.fr\/#\/schema\/logo\/image\/","url":"https:\/\/auto-ecole-bouquet.fr\/wp-content\/uploads\/2024\/02\/cropped-cropped-logoBouquet2-modified.png","contentUrl":"https:\/\/auto-ecole-bouquet.fr\/wp-content\/uploads\/2024\/02\/cropped-cropped-logoBouquet2-modified.png","width":640,"height":244,"caption":"Auto \u00e9cole Bouquet"},"image":{"@id":"https:\/\/auto-ecole-bouquet.fr\/#\/schema\/logo\/image\/"}}]}},"_links":{"self":[{"href":"https:\/\/auto-ecole-bouquet.fr\/index.php\/wp-json\/wp\/v2\/pages\/36","targetHints":{"allow":["GET"]}}],"collection":[{"href":"https:\/\/auto-ecole-bouquet.fr\/index.php\/wp-json\/wp\/v2\/pages"}],"about":[{"href":"https:\/\/auto-ecole-bouquet.fr\/index.php\/wp-json\/wp\/v2\/types\/page"}],"author":[{"embeddable":true,"href":"https:\/\/auto-ecole-bouquet.fr\/index.php\/wp-json\/wp\/v2\/users\/1"}],"replies":[{"embeddable":true,"href":"https:\/\/auto-ecole-bouquet.fr\/index.php\/wp-json\/wp\/v2\/comments?post=36"}],"version-history":[{"count":10,"href":"https:\/\/auto-ecole-bouquet.fr\/index.php\/wp-json\/wp\/v2\/pages\/36\/revisions"}],"predecessor-version":[{"id":408,"href":"https:\/\/auto-ecole-bouquet.fr\/index.php\/wp-json\/wp\/v2\/pages\/36\/revisions\/408"}],"wp:attachment":[{"href":"https:\/\/auto-ecole-bouquet.fr\/index.php\/wp-json\/wp\/v2\/media?parent=36"}],"curies":[{"name":"wp","href":"https:\/\/api.w.org\/{rel}","templated":true}]}}